{"id":1756,"date":"2020-12-21T22:04:31","date_gmt":"2020-12-21T19:04:31","guid":{"rendered":"https:\/\/solonport.com\/?page_id=1756"},"modified":"2020-12-29T00:42:09","modified_gmt":"2020-12-28T21:42:09","slug":"kvkk","status":"publish","type":"page","link":"https:\/\/solonport.com\/index.php\/kvkk\/","title":{"rendered":"SolonPort Ki\u015fisel Verilerin Korunmas\u0131 Politikas\u0131"},"content":{"rendered":"<div class=\"fusion-fullwidth fullwidth-box fusion-builder-row-1 nonhundred-percent-fullwidth non-hundred-percent-height-scrolling\"  style='background-color: #f1f2f3;background-position: center center;background-repeat: no-repeat;padding-top:50px;padding-right:0px;padding-bottom:50px;padding-left:0px;margin-top: 0px;'><div class=\"fusion-builder-row fusion-row \"><div  class=\"fusion-layout-column fusion_builder_column fusion_builder_column_1_1 fusion-builder-column-0 fusion-one-full fusion-column-first fusion-column-last 1_1\"  style='margin-top:25px;margin-bottom:25px;'><div class=\"fusion-column-wrapper\" style=\"padding: 0px 0px 0px 0px;background-position:left top;background-repeat:no-repeat;-webkit-background-size:cover;-moz-background-size:cover;-o-background-size:cover;background-size:cover;\"   data-bg-url=\"\"><style type=\"text\/css\"><\/style><div class=\"fusion-title title fusion-title-1 fusion-sep-none fusion-title-text fusion-title-size-two\" style=\"margin-top:20px;margin-bottom:20px;\"><h2 class=\"title-heading-left\" style=\"margin:0;color:#ea7b22;\"><strong>SolonPort Ki\u015fisel Verilerin Korunmas\u0131 Politikas\u0131<\/strong><\/h2><\/div><div class=\"fusion-text\"><div>6698 say\u0131l\u0131 Ki\u015fisel Verilerin Korunmas\u0131 Kanunu (\u201cKVKK\u201d) uyar\u0131nca, \u015eirketimiz taraf\u0131ndan, Veri Sorumlusu s\u0131fat\u0131yla, ki\u015fisel verileriniz, i\u015f ama\u00e7lar\u0131yla ba\u011fl\u0131 olarak, a\u015fa\u011f\u0131da a\u00e7\u0131kland\u0131\u011f\u0131 \u00e7er\u00e7evede kullan\u0131lmak, kaydedilmek, saklanmak, g\u00fcncellenmek, aktar\u0131lmak ve\/veya s\u0131n\u0131fland\u0131r\u0131lmak suretiyle i\u015flenecektir. \u00a0Bu kapsamda \u015eirketimiz taraf\u0131ndan ba\u015fta \u00f6zel hayat\u0131n gizlili\u011fi olmak \u00fczere, ki\u015filerin temel hak ve \u00f6zg\u00fcrl\u00fcklerini korumak ve ki\u015fisel verilerin korunmas\u0131 amac\u0131yla d\u00fczenlenen Kanun ve Y\u00f6netmelikler gere\u011fince \u015eirketimiz, ki\u015fisel verilerinizin hukuka ayk\u0131r\u0131 olarak i\u015flenmesini \u00f6nleme, hukuka ayk\u0131r\u0131 olarak eri\u015filmesini \u00f6nleme ve muhafazas\u0131n\u0131 sa\u011flama amac\u0131yla, uygun g\u00fcvenlik d\u00fczeyini temin etmeye y\u00f6nelik t\u00fcm teknik ve idari tedbirleri almaktad\u0131r.<\/div>\n<div>Bu metnin hedef kitlesi, \u015eirketimiz \u00e7al\u0131\u015fanlar\u0131 veya \u015eirketimize i\u015f ba\u015fvurusu yapm\u0131\u015f olan \u00e7al\u0131\u015fan adaylar\u0131 d\u0131\u015f\u0131ndaki, \u015eirketimiz taraf\u0131ndan ki\u015fisel verileri i\u015flenen t\u00fcm ger\u00e7ek ki\u015filerdir.<\/div>\n<div>Veri sorumlusu s\u0131fat\u0131yla i\u015flenen ki\u015fisel verilere, burada belirtilenlerle s\u0131n\u0131rl\u0131 say\u0131da olmamak \u00fczere a\u015fa\u011f\u0131da yer verilmektedir;<\/div>\n<div>\u0130sim, soy isim, T.C. kimlik numaras\u0131, adres, telefon numaras\u0131, e-posta adresi, imza, fiziksel mekan\/g\u00fcvenlik g\u00f6r\u00fcnt\u00fc kayd\u0131, \u00e7a\u011fr\u0131 merkezi\/hizmet kalitesi ses kayd\u0131, banka hesap numaras\u0131, cookie kay\u0131tlar\u0131<\/div>\n<p>&nbsp;<\/p>\n<div><\/div>\n<h3>Ki\u015fisel verilerin i\u015flenme ama\u00e7lar\u0131 ve hukuki sebepleri;<\/h3>\n<p> Taraf\u0131n\u0131zca payla\u015f\u0131lan ki\u015fisel verileriniz;<\/p>\n<ul>\n<li>\u015eirketimiz taraf\u0131ndan sunulan \u00fcr\u00fcn ve hizmetlerden sizleri ve\/veya temsil etti\u011finiz kurum ve kurulu\u015flar\u0131 faydaland\u0131rmak i\u00e7in, \u015eirketimizin ticari ve i\u015f stratejilerinin belirlenmesi ve uygulanmas\u0131, pazarlama faaliyetlerinin yap\u0131lmas\u0131, i\u015f geli\u015ftirme ve planlama faaliyetlerinin ger\u00e7ekle\u015ftirilmesi dahil ve fakat bunlarla s\u0131n\u0131rl\u0131 olmamak \u00fczere gerekli \u00e7al\u0131\u015fmalar\u0131n y\u00fcr\u00fct\u00fclmesi,<\/li>\n<li>\u015eirketimiz taraf\u0131ndan y\u00fcr\u00fct\u00fclen ileti\u015fime y\u00f6nelik idari operasyonlar\u0131n y\u00fcr\u00fct\u00fclmesi,<\/li>\n<li>\u015eirketimizin kullan\u0131mda olan lokasyonlar\u0131n fiziksel g\u00fcvenli\u011finin ve denetiminin sa\u011flanmas\u0131,<\/li>\n<li>\u0130\u015f orta\u011f\u0131\/m\u00fc\u015fteri\/tedarik\u00e7i (yetkili veya \u00e7al\u0131\u015fanlar\u0131) ili\u015fkilerinin kurulmas\u0131,<\/li>\n<li>\u0130\u015f ortaklar\u0131m\u0131z, tedarik\u00e7ilerimiz veya sair \u00fc\u00e7\u00fcnc\u00fc ki\u015filerle birlikte sunulan \u00fcr\u00fcn ve hizmetlere ili\u015fkin s\u00f6zle\u015fme gereklerinin ve finansal mutabakat\u0131n sa\u011flanmas\u0131,<\/li>\n<li>\u015eirketimizin insan kaynaklar\u0131 politikalar\u0131n\u0131n y\u00fcr\u00fct\u00fclmesi,<\/li>\n<li>\u015eirketimizin \u00e7a\u011fr\u0131 merkezinin aranmas\u0131 veya internet sayfas\u0131n\u0131n kullan\u0131lmas\u0131<\/li>\n<\/ul>\n<div>ve\/veya<\/div>\n<ul>\n<li>\u015eirketimizin d\u00fczenledi\u011fi e\u011fitim, seminer veya organizasyonlara kat\u0131l\u0131m sa\u011flanmas\u0131 amac\u0131yla i\u015flenecektir.<\/li>\n<\/ul>\n<div><\/div>\n<h3><strong>Ki\u015fisel verilerin toplanma ve saklanma y\u00f6ntemi<\/strong>;<\/h3>\n<div>\u015eirketimizle payla\u015ft\u0131\u011f\u0131n\u0131z ki\u015fisel verileriniz, otomatik ya da otomatik olmayan y\u00f6ntemlerle, ofisler, \u015fubeler, \u00e7a\u011fr\u0131 merkezi, internet sitesi, sosyal medya mecralar\u0131, mobil uygulamalar ve benzeri vas\u0131talarla s\u00f6zl\u00fc, yaz\u0131l\u0131 ya da elektronik olarak toplanabilir. Ki\u015fisel verileriniz elektronik ve\/veya fiziksel ortamlarda saklanacakt\u0131r. \u015eirketimiz taraf\u0131ndan temin edilen ve saklanan ki\u015fisel verilerinizin sakland\u0131klar\u0131 ortamlarda yetkisiz eri\u015fime maruz kalmamalar\u0131, manip\u00fclasyona u\u011framamalar\u0131, kaybolmamalar\u0131 ve zarar g\u00f6rmemeleri amac\u0131yla gereken i\u015f s\u00fcre\u00e7lerinin tasar\u0131m\u0131 ile teknik g\u00fcvenlik altyap\u0131 geli\u015ftirmeleri uygulanmaktad\u0131r.<\/div>\n<div>Ki\u015fisel verileriniz, size bildirilen ama\u00e7lar ve kapsam d\u0131\u015f\u0131nda kullan\u0131lmamak kayd\u0131 ile gerekli t\u00fcm bilgi g\u00fcvenli\u011fi tedbirleri de al\u0131narak i\u015flenecek ve yasal saklama s\u00fcresince veya b\u00f6yle bir s\u00fcre \u00f6ng\u00f6r\u00fclmemi\u015fse i\u015fleme amac\u0131n\u0131n gerekli k\u0131ld\u0131\u011f\u0131 s\u00fcre boyunca saklanacak ve i\u015flenecektir. Bu s\u00fcre sona erdi\u011finde, ki\u015fisel verileriniz silinme, yok edilme ya da anonimle\u015ftirme y\u00f6ntemleri ile \u015eirketimizin veri ak\u0131\u015flar\u0131ndan \u00e7\u0131kar\u0131lacakt\u0131r.<\/div>\n<p>&nbsp;<\/p>\n<h3>Ki\u015fisel Verilerin aktar\u0131lmas\u0131;<\/h3>\n<div><\/div>\n<div>A\u00e7\u0131klanan ama\u00e7lar kapsam\u0131nda i\u015flenen ki\u015fisel verileriniz; KVKK\u2019da \u00f6ng\u00f6r\u00fclen temel ilkelere uygun olarak ve KVKK\u2019n\u0131n 8. ve 9. maddelerinde belirtilen ki\u015fisel veri i\u015fleme \u015fartlar\u0131 ve ama\u00e7lar\u0131 d\u00e2hilinde, \u015eirket taraf\u0131ndan yukar\u0131da yer alan ama\u00e7larla s\u0131n\u0131rl\u0131 olmak \u00fczere; ki\u015fisel veri alma yetkisi bulunan Kamu T\u00fczel Ki\u015filerine, otoritelere, i\u015ftiraklerimize, arac\u0131l\u0131k\/acentelik s\u0131fat\u0131yla faaliyet y\u00fcr\u00fcten \u015firketlere, ana i\u015f kolumuz olan bilgi sistemleri, yaz\u0131l\u0131mlar\u0131 faaliyetlerimizi y\u00fcr\u00fctmek \u00fczere hizmet al\u0131nan 3. Taraflara, i\u015f birli\u011fi yapt\u0131\u011f\u0131m\u0131z yurti\u00e7i\/yurtd\u0131\u015f\u0131 kurum kurulu\u015flara, i\u015f ortaklar\u0131m\u0131za ve ba\u011f\u0131ms\u0131z denetim \u015firketlerine, aktar\u0131labilecektir. Ki\u015fisel verilerinizin payla\u015f\u0131lmas\u0131 halinde gerekli g\u00fcvenlik \u00f6nlemleri al\u0131nmaktad\u0131r.<\/div>\n<p>&nbsp;<\/p>\n<h3>KVKK\u2019n\u0131n 11. maddesi gere\u011fi haklar\u0131n\u0131z;<\/h3>\n<div>\u015eirketimize ba\u015fvurarak, ki\u015fisel verilerinizin;<\/div>\n<ul>\n<li>\u0130\u015flenip i\u015flenmedi\u011fini \u00f6\u011frenme,<\/li>\n<li>\u0130\u015flenmi\u015fse bilgi talep etme,<\/li>\n<li>\u0130\u015flenme amac\u0131n\u0131 ve amac\u0131na uygun kullan\u0131l\u0131p kullan\u0131lmad\u0131\u011f\u0131n\u0131 \u00f6\u011frenme,<\/li>\n<li>Yurt i\u00e7inde \/ yurt d\u0131\u015f\u0131nda aktar\u0131ld\u0131\u011f\u0131 3. ki\u015fileri bilme,<\/li>\n<li>Eksik \/ yanl\u0131\u015f i\u015flenmi\u015fse d\u00fczeltilmesini isteme,<\/li>\n<li>KVKK\u2019n\u0131n 7. maddesinde \u00f6ng\u00f6r\u00fclen \u015fartlar \u00e7er\u00e7evesinde silinmesini \/ yok edilmesini isteme,<\/li>\n<li>Aktar\u0131ld\u0131\u011f\u0131 3. ki\u015filere yukar\u0131da say\u0131lan (e) ve (f) bentleri uyar\u0131nca yap\u0131lan i\u015flemlerin bildirilmesini isteme,<\/li>\n<li>M\u00fcnhas\u0131ran otomatik sistemler ile analiz edilmesi nedeniyle aleyhinize bir sonucun ortaya \u00e7\u0131kmas\u0131na itiraz etme,<\/li>\n<li>Kanuna ayk\u0131r\u0131 olarak i\u015flenmesi sebebiyle zarara u\u011framan\u0131z h\u00e2linde zarar\u0131n giderilmesini talep etme haklar\u0131na sahipsiniz.<\/li>\n<\/ul>\n<div>\n<p>KVK Kanunu\u2019nun 13. maddesinin 1. f\u0131kras\u0131 gere\u011fince, yukar\u0131da belirtilen haklar\u0131n\u0131z\u0131 kullanmak ile ilgili talebinizi, yaz\u0131l\u0131 olarak veya Ki\u015fisel Verileri Koruma Kurulu\u2019nun belirledi\u011fi di\u011fer y\u00f6ntemlerle \u015eirketimize iletebilirsiniz.<\/p>\n<p>Yukar\u0131da belirtilen haklar\u0131n\u0131z\u0131 kullanmak i\u00e7in kimli\u011finizi tespit edici gerekli bilgiler ile talep dilek\u00e7enizi bizzat elden teslim edebilir, noter kanal\u0131yla veya Ki\u015fisel Verileri Koruma Kurulu taraf\u0131ndan belirlenen di\u011fer y\u00f6ntemler ile g\u00f6nderebilir veya\u00a0G\u00fcvenli Elektronik \u0130mza ile E-posta g\u00f6ndererek \u015firketimize iletebilirsiniz.<\/p>\n<\/div>\n<\/div><div class=\"fusion-clearfix\"><\/div><\/div><\/div><\/div><\/div><style type=\"text\/css\">.fusion-fullwidth.fusion-builder-row-1 a:not(.fusion-button):not(.fusion-builder-module-control):not(.fusion-social-network-icon):not(.fb-icon-element):not(.fusion-countdown-link):not(.fusion-rollover-link):not(.fusion-rollover-gallery):not(.fusion-button-bar):not(.add_to_cart_button):not(.show_details_button):not(.product_type_external):not(.fusion-quick-view):not(.fusion-rollover-title-link):not(.fusion-breadcrumb-link) , .fusion-fullwidth.fusion-builder-row-1 a:not(.fusion-button):not(.fusion-builder-module-control):not(.fusion-social-network-icon):not(.fb-icon-element):not(.fusion-countdown-link):not(.fusion-rollover-link):not(.fusion-rollover-gallery):not(.fusion-button-bar):not(.add_to_cart_button):not(.show_details_button):not(.product_type_external):not(.fusion-quick-view):not(.fusion-rollover-title-link):not(.fusion-breadcrumb-link):before, .fusion-fullwidth.fusion-builder-row-1 a:not(.fusion-button):not(.fusion-builder-module-control):not(.fusion-social-network-icon):not(.fb-icon-element):not(.fusion-countdown-link):not(.fusion-rollover-link):not(.fusion-rollover-gallery):not(.fusion-button-bar):not(.add_to_cart_button):not(.show_details_button):not(.product_type_external):not(.fusion-quick-view):not(.fusion-rollover-title-link):not(.fusion-breadcrumb-link):after {color: #ea7b22;}.fusion-fullwidth.fusion-builder-row-1 a:not(.fusion-button):not(.fusion-builder-module-control):not(.fusion-social-network-icon):not(.fb-icon-element):not(.fusion-countdown-link):not(.fusion-rollover-link):not(.fusion-rollover-gallery):not(.fusion-button-bar):not(.add_to_cart_button):not(.show_details_button):not(.product_type_external):not(.fusion-quick-view):not(.fusion-rollover-title-link):not(.fusion-breadcrumb-link):hover, .fusion-fullwidth.fusion-builder-row-1 a:not(.fusion-button):not(.fusion-builder-module-control):not(.fusion-social-network-icon):not(.fb-icon-element):not(.fusion-countdown-link):not(.fusion-rollover-link):not(.fusion-rollover-gallery):not(.fusion-button-bar):not(.add_to_cart_button):not(.show_details_button):not(.product_type_external):not(.fusion-quick-view):not(.fusion-rollover-title-link):not(.fusion-breadcrumb-link):hover:before, .fusion-fullwidth.fusion-builder-row-1 a:not(.fusion-button):not(.fusion-builder-module-control):not(.fusion-social-network-icon):not(.fb-icon-element):not(.fusion-countdown-link):not(.fusion-rollover-link):not(.fusion-rollover-gallery):not(.fusion-button-bar):not(.add_to_cart_button):not(.show_details_button):not(.product_type_external):not(.fusion-quick-view):not(.fusion-rollover-title-link):not(.fusion-breadcrumb-link):hover:after {color: #f26d00;}.fusion-fullwidth.fusion-builder-row-1 .pagination a.inactive:hover, .fusion-fullwidth.fusion-builder-row-1 .fusion-filters .fusion-filter.fusion-active a {border-color: #f26d00;}.fusion-fullwidth.fusion-builder-row-1 .pagination .current {border-color: #f26d00; background-color: #f26d00;}.fusion-fullwidth.fusion-builder-row-1 .fusion-filters .fusion-filter.fusion-active a, .fusion-fullwidth.fusion-builder-row-1 .fusion-date-and-formats .fusion-format-box, .fusion-fullwidth.fusion-builder-row-1 .fusion-popover, .fusion-fullwidth.fusion-builder-row-1 .tooltip-shortcode {color: #f26d00;}#main .fusion-fullwidth.fusion-builder-row-1 .post .blog-shortcode-post-title a:hover {color: #f26d00;}<\/style>\n","protected":false},"excerpt":{"rendered":"","protected":false},"author":1,"featured_media":0,"parent":0,"menu_order":0,"comment_status":"closed","ping_status":"closed","template":"100-width.php","meta":{"content-type":"","_uf_show_specific_survey":0,"_uf_disable_surveys":false,"footnotes":""},"yoast_head":"<!-- This site is optimized with the Yoast SEO plugin v21.5 - https:\/\/yoast.com\/wordpress\/plugins\/seo\/ -->\r\n<title>SolonPort Ki\u015fisel Verilerin Korunmas\u0131 Politikas\u0131 - SolonPort<\/title>\r\n<meta name=\"robots\" content=\"index, follow, max-snippet:-1, max-image-preview:large, max-video-preview:-1\" \/>\r\n<link rel=\"canonical\" href=\"https:\/\/solonport.com\/index.php\/kvkk\/\" \/>\r\n<meta property=\"og:locale\" content=\"en_US\" \/>\r\n<meta property=\"og:type\" content=\"article\" \/>\r\n<meta property=\"og:title\" content=\"SolonPort Ki\u015fisel Verilerin Korunmas\u0131 Politikas\u0131 - SolonPort\" \/>\r\n<meta property=\"og:url\" content=\"https:\/\/solonport.com\/index.php\/kvkk\/\" \/>\r\n<meta property=\"og:site_name\" content=\"SolonPort\" \/>\r\n<meta property=\"article:modified_time\" content=\"2020-12-28T21:42:09+00:00\" \/>\r\n<meta name=\"twitter:card\" content=\"summary_large_image\" \/>\r\n<meta name=\"twitter:label1\" content=\"Est. reading time\" \/>\n\t<meta name=\"twitter:data1\" content=\"7 minutes\" \/>\r\n<script type=\"application\/ld+json\" class=\"yoast-schema-graph\">{\"@context\":\"https:\/\/schema.org\",\"@graph\":[{\"@type\":\"WebPage\",\"@id\":\"https:\/\/solonport.com\/index.php\/kvkk\/\",\"url\":\"https:\/\/solonport.com\/index.php\/kvkk\/\",\"name\":\"SolonPort Ki\u015fisel Verilerin Korunmas\u0131 Politikas\u0131 - SolonPort\",\"isPartOf\":{\"@id\":\"https:\/\/solonport.com\/#website\"},\"datePublished\":\"2020-12-21T19:04:31+00:00\",\"dateModified\":\"2020-12-28T21:42:09+00:00\",\"breadcrumb\":{\"@id\":\"https:\/\/solonport.com\/index.php\/kvkk\/#breadcrumb\"},\"inLanguage\":\"en-US\",\"potentialAction\":[{\"@type\":\"ReadAction\",\"target\":[\"https:\/\/solonport.com\/index.php\/kvkk\/\"]}]},{\"@type\":\"BreadcrumbList\",\"@id\":\"https:\/\/solonport.com\/index.php\/kvkk\/#breadcrumb\",\"itemListElement\":[{\"@type\":\"ListItem\",\"position\":1,\"name\":\"Home\",\"item\":\"https:\/\/solonport.com\/\"},{\"@type\":\"ListItem\",\"position\":2,\"name\":\"SolonPort Ki\u015fisel Verilerin Korunmas\u0131 Politikas\u0131\"}]},{\"@type\":\"WebSite\",\"@id\":\"https:\/\/solonport.com\/#website\",\"url\":\"https:\/\/solonport.com\/\",\"name\":\"SolonPort\",\"description\":\"Everyting you need for your port\",\"publisher\":{\"@id\":\"https:\/\/solonport.com\/#organization\"},\"alternateName\":\"Solon\",\"potentialAction\":[{\"@type\":\"SearchAction\",\"target\":{\"@type\":\"EntryPoint\",\"urlTemplate\":\"https:\/\/solonport.com\/?s={search_term_string}\"},\"query-input\":\"required name=search_term_string\"}],\"inLanguage\":\"en-US\"},{\"@type\":\"Organization\",\"@id\":\"https:\/\/solonport.com\/#organization\",\"name\":\"SolonPort\",\"alternateName\":\"Solon\",\"url\":\"https:\/\/solonport.com\/\",\"logo\":{\"@type\":\"ImageObject\",\"inLanguage\":\"en-US\",\"@id\":\"https:\/\/solonport.com\/#\/schema\/logo\/image\/\",\"url\":\"https:\/\/solonport.com\/wp-content\/uploads\/2020\/06\/SolonPort-Logo.png\",\"contentUrl\":\"https:\/\/solonport.com\/wp-content\/uploads\/2020\/06\/SolonPort-Logo.png\",\"width\":501,\"height\":125,\"caption\":\"SolonPort\"},\"image\":{\"@id\":\"https:\/\/solonport.com\/#\/schema\/logo\/image\/\"},\"sameAs\":[\"https:\/\/www.linkedin.com\/showcase\/port-automation\",\"https:\/\/www.instagram.com\/solonporttos\/\"]}]}<\/script>\r\n<!-- \/ Yoast SEO plugin. -->","yoast_head_json":{"title":"SolonPort Ki\u015fisel Verilerin Korunmas\u0131 Politikas\u0131 - SolonPort","robots":{"index":"index","follow":"follow","max-snippet":"max-snippet:-1","max-image-preview":"max-image-preview:large","max-video-preview":"max-video-preview:-1"},"canonical":"https:\/\/solonport.com\/index.php\/kvkk\/","og_locale":"en_US","og_type":"article","og_title":"SolonPort Ki\u015fisel Verilerin Korunmas\u0131 Politikas\u0131 - SolonPort","og_url":"https:\/\/solonport.com\/index.php\/kvkk\/","og_site_name":"SolonPort","article_modified_time":"2020-12-28T21:42:09+00:00","twitter_card":"summary_large_image","twitter_misc":{"Est. reading time":"7 minutes"},"schema":{"@context":"https:\/\/schema.org","@graph":[{"@type":"WebPage","@id":"https:\/\/solonport.com\/index.php\/kvkk\/","url":"https:\/\/solonport.com\/index.php\/kvkk\/","name":"SolonPort Ki\u015fisel Verilerin Korunmas\u0131 Politikas\u0131 - SolonPort","isPartOf":{"@id":"https:\/\/solonport.com\/#website"},"datePublished":"2020-12-21T19:04:31+00:00","dateModified":"2020-12-28T21:42:09+00:00","breadcrumb":{"@id":"https:\/\/solonport.com\/index.php\/kvkk\/#breadcrumb"},"inLanguage":"en-US","potentialAction":[{"@type":"ReadAction","target":["https:\/\/solonport.com\/index.php\/kvkk\/"]}]},{"@type":"BreadcrumbList","@id":"https:\/\/solonport.com\/index.php\/kvkk\/#breadcrumb","itemListElement":[{"@type":"ListItem","position":1,"name":"Home","item":"https:\/\/solonport.com\/"},{"@type":"ListItem","position":2,"name":"SolonPort Ki\u015fisel Verilerin Korunmas\u0131 Politikas\u0131"}]},{"@type":"WebSite","@id":"https:\/\/solonport.com\/#website","url":"https:\/\/solonport.com\/","name":"SolonPort","description":"Everyting you need for your port","publisher":{"@id":"https:\/\/solonport.com\/#organization"},"alternateName":"Solon","potentialAction":[{"@type":"SearchAction","target":{"@type":"EntryPoint","urlTemplate":"https:\/\/solonport.com\/?s={search_term_string}"},"query-input":"required name=search_term_string"}],"inLanguage":"en-US"},{"@type":"Organization","@id":"https:\/\/solonport.com\/#organization","name":"SolonPort","alternateName":"Solon","url":"https:\/\/solonport.com\/","logo":{"@type":"ImageObject","inLanguage":"en-US","@id":"https:\/\/solonport.com\/#\/schema\/logo\/image\/","url":"https:\/\/solonport.com\/wp-content\/uploads\/2020\/06\/SolonPort-Logo.png","contentUrl":"https:\/\/solonport.com\/wp-content\/uploads\/2020\/06\/SolonPort-Logo.png","width":501,"height":125,"caption":"SolonPort"},"image":{"@id":"https:\/\/solonport.com\/#\/schema\/logo\/image\/"},"sameAs":["https:\/\/www.linkedin.com\/showcase\/port-automation","https:\/\/www.instagram.com\/solonporttos\/"]}]}},"_links":{"self":[{"href":"https:\/\/solonport.com\/index.php\/wp-json\/wp\/v2\/pages\/1756"}],"collection":[{"href":"https:\/\/solonport.com\/index.php\/wp-json\/wp\/v2\/pages"}],"about":[{"href":"https:\/\/solonport.com\/index.php\/wp-json\/wp\/v2\/types\/page"}],"author":[{"embeddable":true,"href":"https:\/\/solonport.com\/index.php\/wp-json\/wp\/v2\/users\/1"}],"replies":[{"embeddable":true,"href":"https:\/\/solonport.com\/index.php\/wp-json\/wp\/v2\/comments?post=1756"}],"version-history":[{"count":0,"href":"https:\/\/solonport.com\/index.php\/wp-json\/wp\/v2\/pages\/1756\/revisions"}],"wp:attachment":[{"href":"https:\/\/solonport.com\/index.php\/wp-json\/wp\/v2\/media?parent=1756"}],"curies":[{"name":"wp","href":"https:\/\/api.w.org\/{rel}","templated":true}]}}