{"id":1579,"date":"2020-12-02T10:43:22","date_gmt":"2020-12-02T07:43:22","guid":{"rendered":"https:\/\/solonport.com\/?page_id=1579"},"modified":"2020-12-19T03:06:08","modified_gmt":"2020-12-19T00:06:08","slug":"career","status":"publish","type":"page","link":"https:\/\/solonport.com\/index.php\/career\/","title":{"rendered":"Career"},"content":{"rendered":"<div class=\"fusion-fullwidth fullwidth-box fusion-builder-row-1 nonhundred-percent-fullwidth non-hundred-percent-height-scrolling\"  style='background-color: #f2f3f3;background-position: center center;background-repeat: no-repeat;padding-top:4%;padding-right:0px;padding-left:0px;'><div class=\"fusion-builder-row fusion-row \"><div  class=\"fusion-layout-column fusion_builder_column fusion_builder_column_1_6 fusion-builder-column-0 fusion-one-sixth fusion-column-first 1_6\"  style='margin-top:25px;margin-bottom:25px;width:16.66%;width:calc(16.66% - ( ( 4% + 4% ) * 0.1666 ) );margin-right: 4%;'><div class=\"fusion-column-wrapper\" style=\"padding: 0px 0px 0px 0px;background-position:left top;background-repeat:no-repeat;-webkit-background-size:cover;-moz-background-size:cover;-o-background-size:cover;background-size:cover;\"   data-bg-url=\"\"><div class=\"fusion-clearfix\"><\/div><\/div><\/div><div  class=\"fusion-layout-column fusion_builder_column fusion_builder_column_2_3 fusion-builder-column-1 fusion-two-third 2_3\"  style='margin-top:0px;margin-bottom:0px;width:66.66%;width:calc(66.66% - ( ( 4% + 4% ) * 0.6666 ) );margin-right: 4%;'><div class=\"fusion-column-wrapper\" style=\"background-color:#ffffff;padding: 8% 10% 10% 10%;background-position:left top;background-repeat:no-repeat;-webkit-background-size:cover;-moz-background-size:cover;-o-background-size:cover;background-size:cover;\"   data-bg-url=\"\"><style type=\"text\/css\"><\/style><div class=\"fusion-title title fusion-title-1 fusion-sep-none fusion-title-text fusion-title-size-two\" style=\"margin-top:0px;margin-bottom:5px;\"><h2 class=\"title-heading-left\" style=\"margin:0;color:#e68a00;\">Application Form<\/h2><\/div><div class=\"fusion-sep-clear\"><\/div><div class=\"fusion-separator fusion-full-width-sep sep-single sep-solid\" style=\"border-color:#ecefef;border-top-width:1px;margin-left: auto;margin-right: auto;margin-top:10px;margin-bottom:30px;\"><\/div><div class=\"fusion-text\"><p>To work \/ have internship in our company, or have an internship in a port, please fill out the form.<\/p>\n<p>Firmam\u0131zda \u00e7al\u0131\u015fmak veya staj yapmak yada limanlarda staj yapmak i\u00e7in, l\u00fctfen formu doldurunuz.<\/p>\n<\/div><div class=\"fusion-sep-clear\"><\/div><div class=\"fusion-separator fusion-full-width-sep sep-single sep-solid\" style=\"border-color:#ecefef;border-top-width:1px;margin-left: auto;margin-right: auto;margin-top:10px;margin-bottom:30px;\"><\/div>\n<div class=\"wpcf7 no-js\" id=\"wpcf7-f1617-o1\" lang=\"en-US\" dir=\"ltr\">\n<div class=\"screen-reader-response\"><p role=\"status\" aria-live=\"polite\" aria-atomic=\"true\"><\/p> <ul><\/ul><\/div>\n<form action=\"\/index.php\/wp-json\/wp\/v2\/pages\/1579#wpcf7-f1617-o1\" method=\"post\" class=\"wpcf7-form init\" aria-label=\"Contact form\" enctype=\"multipart\/form-data\" novalidate=\"novalidate\" data-status=\"init\">\n<div style=\"display: none;\">\n<input type=\"hidden\" name=\"_wpcf7\" value=\"1617\" \/>\n<input type=\"hidden\" name=\"_wpcf7_version\" value=\"5.8.3\" \/>\n<input type=\"hidden\" name=\"_wpcf7_locale\" value=\"en_US\" \/>\n<input type=\"hidden\" name=\"_wpcf7_unit_tag\" value=\"wpcf7-f1617-o1\" \/>\n<input type=\"hidden\" name=\"_wpcf7_container_post\" value=\"0\" \/>\n<input type=\"hidden\" name=\"_wpcf7_posted_data_hash\" value=\"\" \/>\n<input type=\"hidden\" name=\"_wpcf7cf_hidden_group_fields\" value=\"[]\" \/>\n<input type=\"hidden\" name=\"_wpcf7cf_hidden_groups\" value=\"[]\" \/>\n<input type=\"hidden\" name=\"_wpcf7cf_visible_groups\" value=\"[]\" \/>\n<input type=\"hidden\" name=\"_wpcf7cf_repeaters\" value=\"[]\" \/>\n<input type=\"hidden\" name=\"_wpcf7cf_steps\" value=\"{}\" \/>\n<input type=\"hidden\" name=\"_wpcf7cf_options\" value=\"{&quot;form_id&quot;:1617,&quot;conditions&quot;:[{&quot;then_field&quot;:&quot;internship-group&quot;,&quot;and_rules&quot;:[{&quot;if_field&quot;:&quot;application-type&quot;,&quot;operator&quot;:&quot;equals&quot;,&quot;if_value&quot;:&quot;Intern \\\/ Stajyer Olarak&quot;}]}],&quot;settings&quot;:{&quot;animation&quot;:&quot;yes&quot;,&quot;animation_intime&quot;:200,&quot;animation_outtime&quot;:200,&quot;conditions_ui&quot;:&quot;normal&quot;,&quot;notice_dismissed&quot;:false}}\" \/>\n<input type=\"hidden\" name=\"_wpcf7_recaptcha_response\" value=\"\" \/>\n<\/div>\n<p><label> Name Surname<span style=\"color:#ea7b22\">*<\/span><br \/>\n<span style=\"font-size:12px\"> Ad Soyad<\/span><br \/>\n<span class=\"wpcf7-form-control-wrap\" data-name=\"your-name\"><input size=\"40\" class=\"wpcf7-form-control wpcf7-text wpcf7-validates-as-required\" aria-required=\"true\" aria-invalid=\"false\" value=\"\" type=\"text\" name=\"your-name\" \/><\/span> <\/label>\n<\/p>\n<p><label> E-mail Address<span style=\"color:#ea7b22\">*<\/span><br \/>\n<span style=\"font-size:12px\"> E-mail Adresiniz<\/span><br \/>\n<span class=\"wpcf7-form-control-wrap\" data-name=\"your-email\"><input size=\"40\" class=\"wpcf7-form-control wpcf7-email wpcf7-validates-as-required wpcf7-text wpcf7-validates-as-email\" aria-required=\"true\" aria-invalid=\"false\" value=\"\" type=\"email\" name=\"your-email\" \/><\/span> <\/label>\n<\/p>\n<p><label> Phone Number<span style=\"color:#ea7b22\">*<\/span><br \/>\n<span style=\"font-size:12px\"> Telefon Numaran\u0131z<\/span><br \/>\n<span class=\"wpcf7-form-control-wrap\" data-name=\"telephone\"><input size=\"40\" class=\"wpcf7-form-control wpcf7-tel wpcf7-validates-as-required wpcf7-text wpcf7-validates-as-tel\" aria-required=\"true\" aria-invalid=\"false\" value=\"\" type=\"tel\" name=\"telephone\" \/><\/span><\/label>\n<\/p>\n<p><label> Application Type<span style=\"color:#ea7b22\">*<\/span><br \/>\n<span style=\"font-size:12px\"> Ba\u015fvuru \u015eekliniz<\/span><br \/>\n<span class=\"wpcf7-form-control-wrap\" data-name=\"application-type\"><select class=\"wpcf7-form-control wpcf7-select wpcf7-validates-as-required\" aria-required=\"true\" aria-invalid=\"false\" name=\"application-type\"><option value=\"\">&#8212;Please choose an option&#8212;<\/option><option value=\"Fulltime \/ Tam Zamanl\u0131\">Fulltime \/ Tam Zamanl\u0131<\/option><option value=\"Intern \/ Stajyer Olarak\">Intern \/ Stajyer Olarak<\/option><\/select><\/span><\/label>\n<\/p>\n<div data-id=\"internship-group\" data-orig_data_id=\"internship-group\"  data-class=\"wpcf7cf_group\">\n\t<p><label> Where do you want to be internship?<span style=\"color:#ea7b22\">*<\/span><br \/>\n<span style=\"font-size:12px\"> Staj yapmak istedi\u011finiz yer?<\/span> <span class=\"wpcf7-form-control-wrap\" data-name=\"intern-button\"><span class=\"wpcf7-form-control wpcf7-radio\"><span class=\"wpcf7-list-item first\"><label><input type=\"radio\" name=\"intern-button\" value=\"SolonPort \/ SolonPort\" \/><span class=\"wpcf7-list-item-label\">SolonPort \/ SolonPort<\/span><\/label><\/span><span class=\"wpcf7-list-item last\"><label><input type=\"radio\" name=\"intern-button\" value=\"Ports \/ Limanlar\" \/><span class=\"wpcf7-list-item-label\">Ports \/ Limanlar<\/span><\/label><\/span><\/span><\/span><\/label>\n\t<\/p>\n\t<p><label> If you are applying as an intern, give dates you are available.<span style=\"color:#ea7b22\">*<\/span><br \/>\n<span style=\"font-size:12px\"> Stajyer olarak ba\u015fvuruyorsan\u0131z; uygun olaca\u011f\u0131n\u0131z tarihler ve s\u00fcreleri.<\/span><br \/>\n<span class=\"wpcf7-form-control-wrap\" data-name=\"date-time\"><input size=\"40\" class=\"wpcf7-form-control wpcf7-text wpcf7-validates-as-required\" aria-required=\"true\" aria-invalid=\"false\" value=\"\" type=\"text\" name=\"date-time\" \/><\/span> <\/label>\n\t<\/p>\n<\/div>\n<p><label> Indicate departments you want to apply for.<span style=\"color:#ea7b22\">*<\/span><br \/>\n<span style=\"font-size:12px\"> Ba\u015fvurmak istedi\u011finiz departman, departmanlar.<\/span><br \/>\n<span class=\"wpcf7-form-control-wrap\" data-name=\"departments\"><input size=\"40\" class=\"wpcf7-form-control wpcf7-text wpcf7-validates-as-required\" aria-required=\"true\" aria-invalid=\"false\" value=\"\" type=\"text\" name=\"departments\" \/><\/span> <\/label>\n<\/p>\n<p><label> Notes<br \/>\n<span style=\"font-size:12px\"> Not<\/span><br \/>\n<span class=\"wpcf7-form-control-wrap\" data-name=\"your-message\"><textarea cols=\"40\" rows=\"10\" class=\"wpcf7-form-control wpcf7-textarea\" aria-invalid=\"false\" name=\"your-message\"><\/textarea><\/span> <\/label>\n<\/p>\n<p><label> Attach Your CV \/ \u00d6zge\u00e7mi\u015finizi Ekleyin<br \/>\n<span style=\"font-size:12px\"> Just pdf file is valid. \/ Sadece pdf uzant\u0131l\u0131 dosyalar ge\u00e7erlidir.<\/span><br \/>\n<span class=\"wpcf7-form-control-wrap\" data-name=\"cv-file\"><input size=\"40\" class=\"wpcf7-form-control wpcf7-file\" accept=\".pdf\" aria-invalid=\"false\" type=\"file\" name=\"cv-file\" \/><\/span> <\/label>\n<\/p>\n<p><span class=\"wpcf7-form-control-wrap\" data-name=\"accept-this-1\"><span class=\"wpcf7-form-control wpcf7-acceptance\"><span class=\"wpcf7-list-item\"><label><input type=\"checkbox\" name=\"accept-this-1\" value=\"1\" aria-invalid=\"false\" \/><span class=\"wpcf7-list-item-label\"><span style=\"font-size:12px\"> I have read <a href=\"https:\/\/solonport.com\/index.php\/protection-policy\/\" target=\"_blank\"> Privacy Policy<\/a> and accept. \/ <a href=\"https:\/\/solonport.com\/index.php\/kvkk\/\" target=\"_blank\"> Ayd\u0131nlatma Metni'ni<\/a> okudum ve kabul ediyorum.<\/span><\/span><\/label><\/span><\/span><\/span>\n<\/p>\n<p><input class=\"wpcf7-form-control wpcf7-submit has-spinner\" type=\"submit\" value=\"Submit\" \/>\n<\/p><div class=\"fusion-alert alert custom alert-custom fusion-alert-center wpcf7-response-output fusion-alert-capitalize alert-dismissable\" style=\"border-width:1px;\"><button type=\"button\" class=\"close toggle-alert\" data-dismiss=\"alert\" aria-hidden=\"true\">&times;<\/button><div class=\"fusion-alert-content-wrapper\"><span class=\"fusion-alert-content\"><\/span><\/div><\/div>\n<\/form>\n<\/div>\n<div class=\"fusion-clearfix\"><\/div><\/div><\/div><div  class=\"fusion-layout-column fusion_builder_column fusion_builder_column_1_6 fusion-builder-column-2 fusion-one-sixth fusion-column-last 1_6\"  style='margin-top:25px;margin-bottom:25px;width:16.66%;width:calc(16.66% - ( ( 4% + 4% ) * 0.1666 ) );'><div class=\"fusion-column-wrapper\" style=\"padding: 0px 0px 0px 0px;background-position:left top;background-repeat:no-repeat;-webkit-background-size:cover;-moz-background-size:cover;-o-background-size:cover;background-size:cover;\"   data-bg-url=\"\"><div class=\"fusion-clearfix\"><\/div><\/div><\/div><\/div><\/div><style type=\"text\/css\">.fusion-fullwidth.fusion-builder-row-1 a:not(.fusion-button):not(.fusion-builder-module-control):not(.fusion-social-network-icon):not(.fb-icon-element):not(.fusion-countdown-link):not(.fusion-rollover-link):not(.fusion-rollover-gallery):not(.fusion-button-bar):not(.add_to_cart_button):not(.show_details_button):not(.product_type_external):not(.fusion-quick-view):not(.fusion-rollover-title-link):not(.fusion-breadcrumb-link) , .fusion-fullwidth.fusion-builder-row-1 a:not(.fusion-button):not(.fusion-builder-module-control):not(.fusion-social-network-icon):not(.fb-icon-element):not(.fusion-countdown-link):not(.fusion-rollover-link):not(.fusion-rollover-gallery):not(.fusion-button-bar):not(.add_to_cart_button):not(.show_details_button):not(.product_type_external):not(.fusion-quick-view):not(.fusion-rollover-title-link):not(.fusion-breadcrumb-link):before, .fusion-fullwidth.fusion-builder-row-1 a:not(.fusion-button):not(.fusion-builder-module-control):not(.fusion-social-network-icon):not(.fb-icon-element):not(.fusion-countdown-link):not(.fusion-rollover-link):not(.fusion-rollover-gallery):not(.fusion-button-bar):not(.add_to_cart_button):not(.show_details_button):not(.product_type_external):not(.fusion-quick-view):not(.fusion-rollover-title-link):not(.fusion-breadcrumb-link):after {color: #ea7b22;}.fusion-fullwidth.fusion-builder-row-1 a:not(.fusion-button):not(.fusion-builder-module-control):not(.fusion-social-network-icon):not(.fb-icon-element):not(.fusion-countdown-link):not(.fusion-rollover-link):not(.fusion-rollover-gallery):not(.fusion-button-bar):not(.add_to_cart_button):not(.show_details_button):not(.product_type_external):not(.fusion-quick-view):not(.fusion-rollover-title-link):not(.fusion-breadcrumb-link):hover, .fusion-fullwidth.fusion-builder-row-1 a:not(.fusion-button):not(.fusion-builder-module-control):not(.fusion-social-network-icon):not(.fb-icon-element):not(.fusion-countdown-link):not(.fusion-rollover-link):not(.fusion-rollover-gallery):not(.fusion-button-bar):not(.add_to_cart_button):not(.show_details_button):not(.product_type_external):not(.fusion-quick-view):not(.fusion-rollover-title-link):not(.fusion-breadcrumb-link):hover:before, .fusion-fullwidth.fusion-builder-row-1 a:not(.fusion-button):not(.fusion-builder-module-control):not(.fusion-social-network-icon):not(.fb-icon-element):not(.fusion-countdown-link):not(.fusion-rollover-link):not(.fusion-rollover-gallery):not(.fusion-button-bar):not(.add_to_cart_button):not(.show_details_button):not(.product_type_external):not(.fusion-quick-view):not(.fusion-rollover-title-link):not(.fusion-breadcrumb-link):hover:after {color: #f26d00;}.fusion-fullwidth.fusion-builder-row-1 .pagination a.inactive:hover, .fusion-fullwidth.fusion-builder-row-1 .fusion-filters .fusion-filter.fusion-active a {border-color: #f26d00;}.fusion-fullwidth.fusion-builder-row-1 .pagination .current {border-color: #f26d00; background-color: #f26d00;}.fusion-fullwidth.fusion-builder-row-1 .fusion-filters .fusion-filter.fusion-active a, .fusion-fullwidth.fusion-builder-row-1 .fusion-date-and-formats .fusion-format-box, .fusion-fullwidth.fusion-builder-row-1 .fusion-popover, .fusion-fullwidth.fusion-builder-row-1 .tooltip-shortcode {color: #f26d00;}#main .fusion-fullwidth.fusion-builder-row-1 .post .blog-shortcode-post-title a:hover {color: #f26d00;}<\/style>\n","protected":false},"excerpt":{"rendered":"","protected":false},"author":1,"featured_media":0,"parent":0,"menu_order":0,"comment_status":"closed","ping_status":"closed","template":"100-width.php","meta":{"content-type":"","_uf_show_specific_survey":0,"_uf_disable_surveys":false,"footnotes":""},"yoast_head":"<!-- This site is optimized with the Yoast SEO plugin v21.5 - https:\/\/yoast.com\/wordpress\/plugins\/seo\/ -->\r\n<title>Career - SolonPort<\/title>\r\n<meta name=\"robots\" content=\"index, follow, max-snippet:-1, max-image-preview:large, max-video-preview:-1\" \/>\r\n<link rel=\"canonical\" href=\"https:\/\/solonport.com\/index.php\/career\/\" \/>\r\n<meta property=\"og:locale\" content=\"en_US\" \/>\r\n<meta property=\"og:type\" content=\"article\" \/>\r\n<meta property=\"og:title\" content=\"Career - SolonPort\" \/>\r\n<meta property=\"og:url\" content=\"https:\/\/solonport.com\/index.php\/career\/\" \/>\r\n<meta property=\"og:site_name\" content=\"SolonPort\" \/>\r\n<meta property=\"article:modified_time\" content=\"2020-12-19T00:06:08+00:00\" \/>\r\n<meta name=\"twitter:card\" content=\"summary_large_image\" \/>\r\n<meta name=\"twitter:label1\" content=\"Est. reading time\" \/>\n\t<meta name=\"twitter:data1\" content=\"5 minutes\" \/>\r\n<script type=\"application\/ld+json\" class=\"yoast-schema-graph\">{\"@context\":\"https:\/\/schema.org\",\"@graph\":[{\"@type\":\"WebPage\",\"@id\":\"https:\/\/solonport.com\/index.php\/career\/\",\"url\":\"https:\/\/solonport.com\/index.php\/career\/\",\"name\":\"Career - SolonPort\",\"isPartOf\":{\"@id\":\"https:\/\/solonport.com\/#website\"},\"datePublished\":\"2020-12-02T07:43:22+00:00\",\"dateModified\":\"2020-12-19T00:06:08+00:00\",\"breadcrumb\":{\"@id\":\"https:\/\/solonport.com\/index.php\/career\/#breadcrumb\"},\"inLanguage\":\"en-US\",\"potentialAction\":[{\"@type\":\"ReadAction\",\"target\":[\"https:\/\/solonport.com\/index.php\/career\/\"]}]},{\"@type\":\"BreadcrumbList\",\"@id\":\"https:\/\/solonport.com\/index.php\/career\/#breadcrumb\",\"itemListElement\":[{\"@type\":\"ListItem\",\"position\":1,\"name\":\"Home\",\"item\":\"https:\/\/solonport.com\/\"},{\"@type\":\"ListItem\",\"position\":2,\"name\":\"Career\"}]},{\"@type\":\"WebSite\",\"@id\":\"https:\/\/solonport.com\/#website\",\"url\":\"https:\/\/solonport.com\/\",\"name\":\"SolonPort\",\"description\":\"Everyting you need for your port\",\"publisher\":{\"@id\":\"https:\/\/solonport.com\/#organization\"},\"alternateName\":\"Solon\",\"potentialAction\":[{\"@type\":\"SearchAction\",\"target\":{\"@type\":\"EntryPoint\",\"urlTemplate\":\"https:\/\/solonport.com\/?s={search_term_string}\"},\"query-input\":\"required name=search_term_string\"}],\"inLanguage\":\"en-US\"},{\"@type\":\"Organization\",\"@id\":\"https:\/\/solonport.com\/#organization\",\"name\":\"SolonPort\",\"alternateName\":\"Solon\",\"url\":\"https:\/\/solonport.com\/\",\"logo\":{\"@type\":\"ImageObject\",\"inLanguage\":\"en-US\",\"@id\":\"https:\/\/solonport.com\/#\/schema\/logo\/image\/\",\"url\":\"https:\/\/solonport.com\/wp-content\/uploads\/2020\/06\/SolonPort-Logo.png\",\"contentUrl\":\"https:\/\/solonport.com\/wp-content\/uploads\/2020\/06\/SolonPort-Logo.png\",\"width\":501,\"height\":125,\"caption\":\"SolonPort\"},\"image\":{\"@id\":\"https:\/\/solonport.com\/#\/schema\/logo\/image\/\"},\"sameAs\":[\"https:\/\/www.linkedin.com\/showcase\/port-automation\",\"https:\/\/www.instagram.com\/solonporttos\/\"]}]}<\/script>\r\n<!-- \/ Yoast SEO plugin. -->","yoast_head_json":{"title":"Career - SolonPort","robots":{"index":"index","follow":"follow","max-snippet":"max-snippet:-1","max-image-preview":"max-image-preview:large","max-video-preview":"max-video-preview:-1"},"canonical":"https:\/\/solonport.com\/index.php\/career\/","og_locale":"en_US","og_type":"article","og_title":"Career - SolonPort","og_url":"https:\/\/solonport.com\/index.php\/career\/","og_site_name":"SolonPort","article_modified_time":"2020-12-19T00:06:08+00:00","twitter_card":"summary_large_image","twitter_misc":{"Est. reading time":"5 minutes"},"schema":{"@context":"https:\/\/schema.org","@graph":[{"@type":"WebPage","@id":"https:\/\/solonport.com\/index.php\/career\/","url":"https:\/\/solonport.com\/index.php\/career\/","name":"Career - SolonPort","isPartOf":{"@id":"https:\/\/solonport.com\/#website"},"datePublished":"2020-12-02T07:43:22+00:00","dateModified":"2020-12-19T00:06:08+00:00","breadcrumb":{"@id":"https:\/\/solonport.com\/index.php\/career\/#breadcrumb"},"inLanguage":"en-US","potentialAction":[{"@type":"ReadAction","target":["https:\/\/solonport.com\/index.php\/career\/"]}]},{"@type":"BreadcrumbList","@id":"https:\/\/solonport.com\/index.php\/career\/#breadcrumb","itemListElement":[{"@type":"ListItem","position":1,"name":"Home","item":"https:\/\/solonport.com\/"},{"@type":"ListItem","position":2,"name":"Career"}]},{"@type":"WebSite","@id":"https:\/\/solonport.com\/#website","url":"https:\/\/solonport.com\/","name":"SolonPort","description":"Everyting you need for your port","publisher":{"@id":"https:\/\/solonport.com\/#organization"},"alternateName":"Solon","potentialAction":[{"@type":"SearchAction","target":{"@type":"EntryPoint","urlTemplate":"https:\/\/solonport.com\/?s={search_term_string}"},"query-input":"required name=search_term_string"}],"inLanguage":"en-US"},{"@type":"Organization","@id":"https:\/\/solonport.com\/#organization","name":"SolonPort","alternateName":"Solon","url":"https:\/\/solonport.com\/","logo":{"@type":"ImageObject","inLanguage":"en-US","@id":"https:\/\/solonport.com\/#\/schema\/logo\/image\/","url":"https:\/\/solonport.com\/wp-content\/uploads\/2020\/06\/SolonPort-Logo.png","contentUrl":"https:\/\/solonport.com\/wp-content\/uploads\/2020\/06\/SolonPort-Logo.png","width":501,"height":125,"caption":"SolonPort"},"image":{"@id":"https:\/\/solonport.com\/#\/schema\/logo\/image\/"},"sameAs":["https:\/\/www.linkedin.com\/showcase\/port-automation","https:\/\/www.instagram.com\/solonporttos\/"]}]}},"_links":{"self":[{"href":"https:\/\/solonport.com\/index.php\/wp-json\/wp\/v2\/pages\/1579"}],"collection":[{"href":"https:\/\/solonport.com\/index.php\/wp-json\/wp\/v2\/pages"}],"about":[{"href":"https:\/\/solonport.com\/index.php\/wp-json\/wp\/v2\/types\/page"}],"author":[{"embeddable":true,"href":"https:\/\/solonport.com\/index.php\/wp-json\/wp\/v2\/users\/1"}],"replies":[{"embeddable":true,"href":"https:\/\/solonport.com\/index.php\/wp-json\/wp\/v2\/comments?post=1579"}],"version-history":[{"count":0,"href":"https:\/\/solonport.com\/index.php\/wp-json\/wp\/v2\/pages\/1579\/revisions"}],"wp:attachment":[{"href":"https:\/\/solonport.com\/index.php\/wp-json\/wp\/v2\/media?parent=1579"}],"curies":[{"name":"wp","href":"https:\/\/api.w.org\/{rel}","templated":true}]}}